{"id":17,"date":"2025-01-02T19:58:18","date_gmt":"2025-01-02T19:58:18","guid":{"rendered":"https:\/\/vabien.live\/?page_id=17"},"modified":"2025-02-08T11:05:05","modified_gmt":"2025-02-08T11:05:05","slug":"inicio","status":"publish","type":"page","link":"https:\/\/vabien.live\/inicio\/","title":{"rendered":"Inicio"},"content":{"rendered":"\n<h1 class=\"wp-block-heading\">Que es Va Bien<\/h1>\n\n\n\n<p><\/p>\n\n\n\n<div class=\"wp-block-cover has-border-color has-luminous-vivid-amber-border-color\" style=\"border-width:10px;border-radius:30px;margin-top:0;margin-bottom:0;min-height:659px;aspect-ratio:unset;\"><span aria-hidden=\"true\" class=\"wp-block-cover__background has-background-dim-0 has-background-dim\"><\/span><img loading=\"lazy\" decoding=\"async\" width=\"1024\" height=\"576\" class=\"wp-block-cover__image-background wp-image-20\" alt=\"\" src=\"https:\/\/vabien.live\/wp-content\/uploads\/2025\/01\/Inicio-1024x576.jpg\" data-object-fit=\"cover\" srcset=\"https:\/\/vabien.live\/wp-content\/uploads\/2025\/01\/Inicio-1024x576.jpg 1024w, https:\/\/vabien.live\/wp-content\/uploads\/2025\/01\/Inicio-300x169.jpg 300w, https:\/\/vabien.live\/wp-content\/uploads\/2025\/01\/Inicio-768x432.jpg 768w, https:\/\/vabien.live\/wp-content\/uploads\/2025\/01\/Inicio-1536x864.jpg 1536w, https:\/\/vabien.live\/wp-content\/uploads\/2025\/01\/Inicio-2048x1152.jpg 2048w\" sizes=\"auto, (max-width: 1024px) 100vw, 1024px\" \/><div class=\"wp-block-cover__inner-container is-layout-flow wp-container-core-cover-is-layout-7c43e52d wp-block-cover-is-layout-flow\">\n<div style=\"height:351px\" aria-hidden=\"true\" class=\"wp-block-spacer\"><\/div>\n\n\n\n<blockquote class=\"wp-block-quote is-layout-flow wp-block-quote-is-layout-flow\">\n<p><\/p>\n<\/blockquote>\n\n\n\n<div class=\"wp-block-stackable-text stk-block-text stk-block stk-6ab65f4 stk-block-background\" data-block-id=\"6ab65f4\"><style>.stk-6ab65f4 {background-color:#0000006e !important;}.stk-6ab65f4:before{background-color:#0000006e !important;}<\/style><p class=\"stk-block-text__text has-text-align-justify\"><span style=\"color: var(--theme-palette-color-6, #f2f5f7);\" class=\"stk-highlight\">Va bien es un proyecto personal pensado para ayudar a las personas con mi experiencia de vida, con la cual podr\u00e1n relacionarse y as\u00ed tambi\u00e9n evaluar tambi\u00e9n tus propios procesos y con ese fin poder entre todos seguir creciendo, este proyecto es algo que he venido pensando y ahora paso a la acci\u00f3n en donde les contare partes de mi vida en diferentes \u00e1mbitos, como lo es el personal, el laboral y el espiritual, buscando con ello enriquecer la vida de las personas que dedican su tiempo que es lo mas valioso que tienen en leer las siguientes l\u00edneas y en respeto a ustedes y a mi, inicio con algo realmente muy importante, reconociendo que soy un hombre que tiene todav\u00eda muchas fallas y que d\u00eda a d\u00eda me comprometo conmigo mismo para mejorar y para buscar ser una mejor persona aun sabiendo que en algunos momentos me quedo corto en el camino, teniendo la certeza que Dios ve mi proceso con los mejores ojos como estoy seguro que Dios ve los tuyos.<\/span><\/p><\/div>\n<\/div><\/div>\n\n\n\n<div style=\"height:30px\" aria-hidden=\"true\" class=\"wp-block-spacer\"><\/div>\n\n\n\n<div class=\"wp-block-stackable-columns stk-block-columns stk-block stk-0dc8eb9\" data-block-id=\"0dc8eb9\"><div class=\"stk-row stk-inner-blocks stk-block-content stk-content-align stk-0dc8eb9-column\">\n<div class=\"wp-block-stackable-column stk-block-column stk-column stk-block stk-bc3f08f\" data-v=\"4\" data-block-id=\"bc3f08f\"><div class=\"stk-column-wrapper stk-block-column__content stk-container stk-bc3f08f-container stk--no-background stk--no-padding\"><div class=\"stk-block-content stk-inner-blocks stk-bc3f08f-inner-blocks\">\n<div class=\"wp-block-stackable-columns stk-block-columns stk-block stk-e62a71c\" data-block-id=\"e62a71c\"><div class=\"stk-row stk-inner-blocks stk-block-content stk-content-align stk-e62a71c-column\">\n<div class=\"wp-block-stackable-column stk-block-column stk-column stk-block stk-28cd95e\" data-v=\"4\" data-block-id=\"28cd95e\"><div class=\"stk-column-wrapper stk-block-column__content stk-container stk-28cd95e-container stk--no-background stk--no-padding\"><div class=\"stk-block-content stk-inner-blocks stk-28cd95e-inner-blocks\">\n<div class=\"wp-block-media-text is-stacked-on-mobile\"><figure class=\"wp-block-media-text__media\"><img loading=\"lazy\" decoding=\"async\" width=\"250\" height=\"250\" src=\"https:\/\/vabien.live\/wp-content\/uploads\/2025\/01\/Conoceme.png\" alt=\"\" class=\"wp-image-105 size-full\" srcset=\"https:\/\/vabien.live\/wp-content\/uploads\/2025\/01\/Conoceme.png 250w, https:\/\/vabien.live\/wp-content\/uploads\/2025\/01\/Conoceme-150x150.png 150w\" sizes=\"auto, (max-width: 250px) 100vw, 250px\" \/><\/figure><div class=\"wp-block-media-text__content\">\n<div class=\"wp-block-stackable-text stk-block-text stk-block stk-e3f8432\" data-block-id=\"e3f8432\"><p class=\"stk-block-text__text has-text-align-justify\">Te quiero compartir quien soy y de esa manera que conozcas quien es la persona que esta detr\u00e1s de las l\u00edneas que lees<\/p><\/div>\n\n\n\n<div class=\"wp-block-buttons is-layout-flex wp-block-buttons-is-layout-flex\">\n<div class=\"wp-block-button\"><a class=\"wp-block-button__link wp-element-button\" href=\"https:\/\/vabien.live\/inicio\/conoceme\/\">Con\u00f3ceme<\/a><\/div>\n<\/div>\n<\/div><\/div>\n<\/div><\/div><\/div>\n\n\n\n<div class=\"wp-block-stackable-column stk-block-column stk-column stk-block stk-8cb977d\" data-v=\"4\" data-block-id=\"8cb977d\"><div class=\"stk-column-wrapper stk-block-column__content stk-container stk-8cb977d-container stk--no-background stk--no-padding\"><div class=\"stk-block-content stk-inner-blocks stk-8cb977d-inner-blocks\">\n<div class=\"wp-block-media-text is-stacked-on-mobile\"><figure class=\"wp-block-media-text__media\"><img loading=\"lazy\" decoding=\"async\" width=\"250\" height=\"250\" src=\"https:\/\/vabien.live\/wp-content\/uploads\/2025\/01\/Mi-BLog-1.png\" alt=\"\" class=\"wp-image-106 size-full\" srcset=\"https:\/\/vabien.live\/wp-content\/uploads\/2025\/01\/Mi-BLog-1.png 250w, https:\/\/vabien.live\/wp-content\/uploads\/2025\/01\/Mi-BLog-1-150x150.png 150w\" sizes=\"auto, (max-width: 250px) 100vw, 250px\" \/><\/figure><div class=\"wp-block-media-text__content\">\n<div class=\"wp-block-stackable-text stk-block-text stk-block stk-12b1a91\" data-block-id=\"12b1a91\"><p class=\"stk-block-text__text has-text-align-justify\">Aqu\u00ed encontraras todas las historias y mis experiencias relatadas, las cuales estar\u00e1n enfocadas en el \u00e1mbito familiar, laboral y personal<\/p><\/div>\n\n\n\n<div class=\"wp-block-buttons is-layout-flex wp-block-buttons-is-layout-flex\">\n<div class=\"wp-block-button\"><a class=\"wp-block-button__link wp-element-button\" href=\"https:\/\/vabien.live\/inicio\/blog\/\">Blog<\/a><\/div>\n<\/div>\n<\/div><\/div>\n<\/div><\/div><\/div>\n<\/div><\/div>\n<\/div><\/div><\/div>\n<\/div><\/div>\n\n\n\n<p><\/p>\n","protected":false},"excerpt":{"rendered":"<p>Que es Va Bien Te quiero compartir quien soy y de esa manera que conozcas quien es la persona que esta detr\u00e1s de las l\u00edneas que lees Aqu\u00ed encontraras todas las historias y mis experiencias relatadas, las cuales estar\u00e1n enfocadas en el \u00e1mbito familiar, laboral y personal<\/p>\n","protected":false},"author":1,"featured_media":0,"parent":0,"menu_order":0,"comment_status":"closed","ping_status":"closed","template":"","meta":{"footnotes":""},"class_list":["post-17","page","type-page","status-publish","hentry"],"blocksy_meta":{"page_structure_type":"type-4","styles_descriptor":{"styles":{"desktop":"","tablet":"","mobile":""},"google_fonts":[],"version":6}},"jetpack_sharing_enabled":true,"_links":{"self":[{"href":"https:\/\/vabien.live\/inicio\/wp-json\/wp\/v2\/pages\/17","targetHints":{"allow":["GET"]}}],"collection":[{"href":"https:\/\/vabien.live\/inicio\/wp-json\/wp\/v2\/pages"}],"about":[{"href":"https:\/\/vabien.live\/inicio\/wp-json\/wp\/v2\/types\/page"}],"author":[{"embeddable":true,"href":"https:\/\/vabien.live\/inicio\/wp-json\/wp\/v2\/users\/1"}],"replies":[{"embeddable":true,"href":"https:\/\/vabien.live\/inicio\/wp-json\/wp\/v2\/comments?post=17"}],"version-history":[{"count":17,"href":"https:\/\/vabien.live\/inicio\/wp-json\/wp\/v2\/pages\/17\/revisions"}],"predecessor-version":[{"id":135,"href":"https:\/\/vabien.live\/inicio\/wp-json\/wp\/v2\/pages\/17\/revisions\/135"}],"wp:attachment":[{"href":"https:\/\/vabien.live\/inicio\/wp-json\/wp\/v2\/media?parent=17"}],"curies":[{"name":"wp","href":"https:\/\/api.w.org\/{rel}","templated":true}]}}