{"id":58,"date":"2025-01-12T07:56:36","date_gmt":"2025-01-12T07:56:36","guid":{"rendered":"https:\/\/vabien.live\/inicio\/?page_id=58"},"modified":"2025-12-21T07:51:34","modified_gmt":"2025-12-21T07:51:34","slug":"conoceme","status":"publish","type":"page","link":"https:\/\/vabien.live\/inicio\/conoceme\/","title":{"rendered":"Con\u00f3ceme"},"content":{"rendered":"\n<div class=\"wp-block-stackable-columns stk-block-columns stk-block stk-4b139e9\" data-block-id=\"4b139e9\"><div class=\"stk-row stk-inner-blocks stk-block-content stk-content-align stk-4b139e9-column\">\n<div class=\"wp-block-stackable-column stk-block-column stk-column stk-block stk-eacce3f\" data-v=\"4\" data-block-id=\"eacce3f\"><div class=\"stk-column-wrapper stk-block-column__content stk-container stk-eacce3f-container stk--no-background stk--no-padding\"><div class=\"stk-block-content stk-inner-blocks stk-eacce3f-inner-blocks\">\n<div class=\"wp-block-stackable-columns stk-block-columns stk-block stk-0bcc61c\" data-block-id=\"0bcc61c\"><div class=\"stk-row stk-inner-blocks stk-block-content stk-content-align stk-0bcc61c-column\">\n<div class=\"wp-block-stackable-column stk-block-column stk-column stk-block stk-17b240b stk-block-background\" data-v=\"4\" data-block-id=\"17b240b\"><style>.stk-17b240b {background-color:var(--theme-palette-color-6, #f2f5f7) !important;}.stk-17b240b:before{background-color:var(--theme-palette-color-6, #f2f5f7) !important;}@media screen and (min-width:690px){.stk-17b240b {flex:var(--stk-flex-grow, 1) 1 calc(30% - var(--stk-column-gap, 0px) * 2 \/ 3 ) !important;}}<\/style><div class=\"stk-column-wrapper stk-block-column__content stk-container stk-17b240b-container stk--no-background stk--no-padding\"><div class=\"stk-block-content stk-inner-blocks stk-17b240b-inner-blocks\"><\/div><\/div><\/div>\n\n\n\n<div class=\"wp-block-stackable-column stk-block-column stk-column stk-block stk-07efabb stk-block-background\" data-v=\"4\" data-block-id=\"07efabb\"><style>.stk-07efabb {align-self:flex-end !important;background-color:var(--theme-palette-color-6, #f2f5f7) !important;}.stk-07efabb-inner-blocks{align-items:center !important;}.stk-07efabb:before{background-color:var(--theme-palette-color-6, #f2f5f7) !important;}@media screen and (min-width:690px){.stk-07efabb {flex:var(--stk-flex-grow, 1) 1 calc(40% - var(--stk-column-gap, 0px) * 2 \/ 3 ) !important;}}<\/style><div class=\"stk-column-wrapper stk-block-column__content stk-container stk-07efabb-container stk--no-background stk--no-padding\"><div class=\"has-text-align-center stk--column-flex stk-block-content stk-inner-blocks stk-07efabb-inner-blocks\">\n<h4 class=\"wp-block-heading has-text-align-center\"><span style=\"color: var(--theme-palette-color-2, #434f71);\" class=\"stk-highlight\">Soy:<br>Carlos Andres Salazar H<\/span><\/h4>\n\n\n\n<figure class=\"wp-block-image size-full is-resized has-custom-border is-style-default\" style=\"margin-top:0;margin-right:var(--wp--preset--spacing--80);margin-bottom:0;margin-left:var(--wp--preset--spacing--80)\"><img loading=\"lazy\" decoding=\"async\" width=\"250\" height=\"500\" src=\"https:\/\/vabien.live\/wp-content\/uploads\/2025\/01\/Carlos-Andres-Salazar.png\" alt=\"\" class=\"has-border-color has-palette-color-1-border-color wp-image-62\" style=\"border-width:5px;border-radius:10px;object-fit:cover;width:250px;height:400px\" srcset=\"https:\/\/vabien.live\/wp-content\/uploads\/2025\/01\/Carlos-Andres-Salazar.png 250w, https:\/\/vabien.live\/wp-content\/uploads\/2025\/01\/Carlos-Andres-Salazar-150x300.png 150w\" sizes=\"auto, (max-width: 250px) 100vw, 250px\" \/><\/figure>\n<\/div><\/div><\/div>\n\n\n\n<div class=\"wp-block-stackable-column stk-block-column stk-column stk-block stk-5f7b144 stk-block-background\" data-v=\"4\" data-block-id=\"5f7b144\"><style>.stk-5f7b144-inner-blocks{align-items:center !important;}.stk-5f7b144 {background-color:var(--theme-palette-color-6, #f2f5f7) !important;}.stk-5f7b144:before{background-color:var(--theme-palette-color-6, #f2f5f7) !important;}@media screen and (min-width:690px){.stk-5f7b144 {flex:var(--stk-flex-grow, 1) 1 calc(30% - var(--stk-column-gap, 0px) * 2 \/ 3 ) !important;}}<\/style><div class=\"stk-column-wrapper stk-block-column__content stk-container stk-5f7b144-container stk--no-background stk--no-padding\"><div class=\"stk--column-flex stk-block-content stk-inner-blocks stk-5f7b144-inner-blocks\"><\/div><\/div><\/div>\n<\/div><\/div>\n<\/div><\/div><\/div>\n<\/div><\/div>\n\n\n\n<h2 class=\"wp-block-heading\">Quien Soy<\/h2>\n\n\n\n<div class=\"wp-block-stackable-text stk-block-text stk-block stk-9359dec\" data-block-id=\"9359dec\"><p class=\"stk-block-text__text has-text-align-justify\">Soy un hijo de Dios, Esposo, Padre de Familia, Hijo, Hermano, Profesional con Especializaci\u00f3n, empleador y empleado, en ese orden de importancia he vivido todas estas facetas mencionadas en diferentes momentos de mi vida, las cuales me han ense\u00f1ado y me han forjado convirti\u00e9ndome en la persona que hoy soy gracias a todas las m\u00faltiples experiencias de mi vida.<br>Nac\u00ed en un hogar que a los 5 a\u00f1os de mi vida mis padres tomaron la decisi\u00f3n de disolver y separarse como pareja y mi hermana y yo empezar a adaptarnos a una nueva realidad en un hogar ya sin la presencia de un padre de manera continua, esta primera experiencia de abandono marco toda mi vida y sobre todo mi preadolescencia y adolescencia en donde inicie a muy temprana edad a vivir de manera desenfrenada y con demasiado libertinaje y aunque mis padres y abuelo hac\u00edan lo que mas pudiesen por corregirme, realmente no escuchaba dichas esas ense\u00f1anzas, algunas a golpes, las cuales hoy al ser padre entiendo y agradezco que hicieron lo que pudieron y al no conocer otras maneras de hacerlo ya que ellos fueron criados de la misma manera pues esa fue su postura y forma, sin decir que sea la correcta o no, no fue muy efectiva, ya que en vez de acercarme a ellos mas me alejaba y mas me sumerg\u00eda a aprender del mundo y de las circunstancias que d\u00eda a d\u00eda viviese, es por eso que a muy corta edad me convert\u00ed en un Alcoh\u00f3lico, Lud\u00f3pata, Mujeriego, con una alta tendencia a todos los excesos (Comida, Dulces, Drogas) de las cuales hoy por hoy me siento no se si la palabra sea orgulloso, pero si me siento bendecido por que de todas ellas aprend\u00ed demasiado y forjaron mi car\u00e1cter para en el presente buscar ser el mejor ser humano posible, sin juzgar a quien todav\u00eda este en ese estilo de vida ya que yo mas que nadie se que de esas situaciones se puede aprender mucho si uno as\u00ed mismo se lo permite.<br>Despu\u00e9s de ello comenz\u00f3 mi vida laboral con muy poca experiencia inicie como un empleador, donde viv\u00ed grandes momentos por mas de 13 a\u00f1os a partir de una sociedad la cual se fundo con muy poco capital y al cabo del tiempo logramos generar muy buen cifras econ\u00f3micas y hacerme de un nombre, y es ah\u00ed donde en mi vida viv\u00ed como una persona eg\u00f3latra y avara sin darme cuenta en ese momento, solo con el paso de mas a\u00f1os y de ver mi vida a trav\u00e9s del espejo retrovisor me di cuenta de ello, momento donde tome demasiadas decisiones llevado por los dos patrones antes mencionados creando grandes crisis las cuales cargo aun el peso de las mismas, sin renegar por que esa experiencia ha sido sumamente valiosa y formativa para mi.<br><br>Al cabo que iba pasando por esos momentos empec\u00e9 a conocer de Dios, me convert\u00ed en Esposo y al poco tiempo en Padre de Familia y mi vida empieza a tomar un sabor agridulce por as\u00ed decirlo, si me iba bien en un \u00e1mbito de mi vida el otro era realmente un caos y luego se invirtieron los papeles, aprendiendo a ser agradecido y as\u00ed continuar en mi b\u00fasqueda de ser el mejor esposo posible y pap\u00e1, sin descuidar mi vida laboral y econ\u00f3mica la cual se hab\u00eda transformado en un verdadero caos debido a las decisiones tomadas y las cuales hasta hoy como lo mencione anteriormente todav\u00eda tengo muchos retos a resolver en esta \u00e1rea de mi vida; eso si ya siento que en ambas partes de mi vida me Va Bien, que aunque no he resuelto del todo todos los temas que debo resolver, siento paz, siento alegr\u00eda y me gozo mis propias experiencias las cuales agradezco por que ellas me convirtieron en el ser que hoy soy y adem\u00e1s estas me llevaron a acercarme a Dios, a buscarlo, a necesitarlo y a agradecerle por todo.<br>Ese soy y realmente hay cosas que me gustar\u00eda seguir compartiendo contigo, quiz\u00e1s en mi testimonio puedas encontrar respuestas, si te pareces en algo ayudarte a mirar las cosas de otra manera, darte aliento para que contin\u00faes en tu proceso de transformaci\u00f3n, siendo probable que consideres que estoy equivocado y realmente celebro todo eso por que siempre todo sirve para crecer, es por todo lo que te mencione que decid\u00ed empezar a escribir por que se que hay cosas que si me han funcionado a mi podr\u00edan serle \u00fatiles a todos, por que si yo he salido de tantas cosas no dudo que tu tambi\u00e9n lo puedas lograr; haciendo un hincapi\u00e9 en una constante para salir de todas y cada una de ellas, sin saber si tienes alguna creencia o no, si tienes alguna inclinaci\u00f3n religiosa o no y es ver a Dios de una manera mas simple y esta es \u00ablos hice a mi imagen y semejanza\u00bb (<strong>Gen 1:27)<\/strong>, queriendo decir que este ser omnipresente, omnipotente y omnisciente, esta tanto en mi como en ti, me creo a mi como a ti y eso te da el poder de todos los d\u00edas cambiar tu realidad actual y volver a comenzar decidiendo hacia donde quieres encaminar de nuevo tu vida. <\/p><\/div>\n\n\n\n<p><\/p>\n\n\n","protected":false},"excerpt":{"rendered":"<p>Soy:Carlos Andres Salazar H Quien Soy Soy un hijo de Dios, Esposo, Padre de Familia, Hijo, Hermano, Profesional con Especializaci\u00f3n, empleador y empleado, en ese orden de importancia he vivido todas estas facetas mencionadas en diferentes momentos de mi vida, las cuales me han ense\u00f1ado y me han forjado convirti\u00e9ndome en la persona que hoy [&hellip;]<\/p>\n","protected":false},"author":1,"featured_media":0,"parent":0,"menu_order":0,"comment_status":"closed","ping_status":"closed","template":"","meta":{"footnotes":""},"class_list":["post-58","page","type-page","status-publish","hentry"],"blocksy_meta":[],"jetpack_sharing_enabled":true,"_links":{"self":[{"href":"https:\/\/vabien.live\/inicio\/wp-json\/wp\/v2\/pages\/58","targetHints":{"allow":["GET"]}}],"collection":[{"href":"https:\/\/vabien.live\/inicio\/wp-json\/wp\/v2\/pages"}],"about":[{"href":"https:\/\/vabien.live\/inicio\/wp-json\/wp\/v2\/types\/page"}],"author":[{"embeddable":true,"href":"https:\/\/vabien.live\/inicio\/wp-json\/wp\/v2\/users\/1"}],"replies":[{"embeddable":true,"href":"https:\/\/vabien.live\/inicio\/wp-json\/wp\/v2\/comments?post=58"}],"version-history":[{"count":13,"href":"https:\/\/vabien.live\/inicio\/wp-json\/wp\/v2\/pages\/58\/revisions"}],"predecessor-version":[{"id":192,"href":"https:\/\/vabien.live\/inicio\/wp-json\/wp\/v2\/pages\/58\/revisions\/192"}],"wp:attachment":[{"href":"https:\/\/vabien.live\/inicio\/wp-json\/wp\/v2\/media?parent=58"}],"curies":[{"name":"wp","href":"https:\/\/api.w.org\/{rel}","templated":true}]}}